{"id":113,"date":"2026-01-22T00:35:12","date_gmt":"2026-01-22T00:35:12","guid":{"rendered":"https:\/\/jourfestif.com\/?page_id=113"},"modified":"2026-03-12T15:51:45","modified_gmt":"2026-03-12T15:51:45","slug":"entreprise","status":"publish","type":"page","link":"https:\/\/jourfestif.com\/index.php\/entreprise\/","title":{"rendered":"Entreprise"},"content":{"rendered":"\t\t<div data-elementor-type=\"wp-page\" data-elementor-id=\"113\" class=\"elementor elementor-113\" data-elementor-post-type=\"page\">\n\t\t\t\t<div class=\"elementor-element elementor-element-52c01b9 e-flex e-con-boxed e-con e-parent\" data-id=\"52c01b9\" data-element_type=\"container\">\n\t\t\t\t\t<div class=\"e-con-inner\">\n\t\t<div class=\"elementor-element elementor-element-14ed589 e-con-full e-grid e-con e-child\" data-id=\"14ed589\" data-element_type=\"container\">\n\t\t\t\t<div class=\"elementor-element elementor-element-b59e98b elementor-absolute elementor-widget elementor-widget-heading\" data-id=\"b59e98b\" data-element_type=\"widget\" data-settings=\"{&quot;_position&quot;:&quot;absolute&quot;}\" data-widget_type=\"heading.default\">\n\t\t\t\t\t<h2 class=\"elementor-heading-title elementor-size-default\">\u00c0 propos de moi<\/h2>\t\t\t\t<\/div>\n\t\t\t\t<div class=\"elementor-element elementor-element-d27f791 elementor-widget elementor-widget-text-editor\" data-id=\"d27f791\" data-element_type=\"widget\" data-widget_type=\"text-editor.default\">\n\t\t\t\t\t\t\t\t\t<h6><br \/><span style=\"font-family: Marxiana Antiqua; font-size: 19px;\"><em>La vocation, c&rsquo;est avoir pour m\u00e9tier sa passion &#8211; Stendhal<\/em><\/span><\/h6><p>Depuis toujours, l\u2019organisation et la d\u00e9coration d\u2019\u00e9v\u00e9nements font partie de mon univers. Ce qui a commenc\u00e9 comme une passion au sein de ma sph\u00e8re familiale et amicale s\u2019est naturellement transform\u00e9 en une v\u00e9ritable vocation : celle de cr\u00e9er des moments qui rassemblent, \u00e9meuvent et restent grav\u00e9s dans les m\u00e9moires.<\/p><p>Au fil de mes exp\u00e9riences professionnelles, j\u2019ai eu la chance d\u2019organiser et de coordonner des s\u00e9minaires d\u2019entreprise, sur un ou plusieurs jours, \u00e0 Paris et en Indre-et-Loire. Ces projets m\u2019ont appris la rigueur, la gestion des impr\u00e9vus et l\u2019importance de chaque d\u00e9tail, car ce sont souvent les plus petits qui font toute la diff\u00e9rence le jour J.<\/p><p>La pr\u00e9paration de mon propre mariage en 2024 a \u00e9t\u00e9 une r\u00e9v\u00e9lation. Elle a renforc\u00e9 mon d\u00e9sir de donner vie \u00e0 des \u00e9v\u00e9nements porteurs d\u2019\u00e9motions et m\u2019a conduite \u00e0 me reconvertir professionnellement. Pour concr\u00e9tiser ce projet, j\u2019ai suivi une formation dipl\u00f4mante d\u2019organisatrice et d\u00e9coratrice \u00e9v\u00e9nementielle, afin d\u2019affiner mes comp\u00e9tences, ma cr\u00e9ativit\u00e9 et mes m\u00e9thodes de travail.<\/p><p>Aujourd\u2019hui, j\u2019ai \u00e0 c\u0153ur de vous accompagner \u00e0 chaque \u00e9tape de vos \u00e9v\u00e9nements festifs, avec \u00e9coute, sensibilit\u00e9 et bienveillance.\u00a0 \u00a0 \u00a0 \u00a0 \u00a0 \u00a0 \u00a0 \u00a0 \u00a0 \u00a0 \u00a0 \u00a0 \u00a0 \u00a0 \u00a0 \u00a0 \u00a0 \u00a0 \u00a0 \u00a0 \u00a0 \u00a0 \u00a0 \u00a0 \u00a0 \u00a0 \u00a0 \u00a0 Mon ambition : transformer vos envies en une exp\u00e9rience unique, sinc\u00e8re et inoubliable, \u00e0 votre image.<\/p>\t\t\t\t\t\t\t\t<\/div>\n\t\t\t\t<\/div>\n\t\t<div class=\"elementor-element elementor-element-be6cb2c e-con-full e-transform e-flex e-con e-child\" data-id=\"be6cb2c\" data-element_type=\"container\" data-settings=\"{&quot;_transform_translateX_effect&quot;:{&quot;unit&quot;:&quot;px&quot;,&quot;size&quot;:60,&quot;sizes&quot;:[]},&quot;_transform_translateX_effect_tablet&quot;:{&quot;unit&quot;:&quot;px&quot;,&quot;size&quot;:48,&quot;sizes&quot;:[]},&quot;_transform_translateX_effect_mobile&quot;:{&quot;unit&quot;:&quot;px&quot;,&quot;size&quot;:0,&quot;sizes&quot;:[]},&quot;_transform_translateY_effect&quot;:{&quot;unit&quot;:&quot;px&quot;,&quot;size&quot;:&quot;&quot;,&quot;sizes&quot;:[]},&quot;_transform_translateY_effect_tablet&quot;:{&quot;unit&quot;:&quot;px&quot;,&quot;size&quot;:&quot;&quot;,&quot;sizes&quot;:[]},&quot;_transform_translateY_effect_mobile&quot;:{&quot;unit&quot;:&quot;px&quot;,&quot;size&quot;:&quot;&quot;,&quot;sizes&quot;:[]}}\">\n\t\t\t\t<div class=\"elementor-element elementor-element-ebc1ca9 elementor-widget elementor-widget-ucaddon_layers\" data-id=\"ebc1ca9\" data-element_type=\"widget\" data-widget_type=\"ucaddon_layers.default\">\n\t\t\t\t<div class=\"elementor-widget-container\">\n\t\t\t\t\t\n<!-- start Layers -->\n\t\t<link id='font-awesome-css' href='https:\/\/jourfestif.com\/wp-content\/plugins\/unlimited-elements-for-elementor-premium\/assets_libraries\/font-awesome6\/fontawesome-all.min.css' type='text\/css' rel='stylesheet' >\n\t\t<link id='font-awesome-4-shim-css' href='https:\/\/jourfestif.com\/wp-content\/plugins\/unlimited-elements-for-elementor-premium\/assets_libraries\/font-awesome6\/fontawesome-v4-shims.min.css' type='text\/css' rel='stylesheet' >\n\n<style>\/* widget: Layers *\/\n\n\n\n#uc_layers_elementor_ebc1ca9 .ue-layer{\n  position:absolute;\n}\n\n#uc_layers_elementor_ebc1ca9 .ue-image img{\n  display:block;\n  height: auto;\n}\n\n#uc_layers_elementor_ebc1ca9 .ue-icon{\n  display:flex;\n  align-items:center;\n  justify-content:center;\n  line-height:1em;\n}\n\n#uc_layers_elementor_ebc1ca9 .ue-icon svg{\n  width:1em;\n  height:1em;\n}\n\n#uc_layers_elementor_ebc1ca9 .ue-bounce-up-down-effect {\n    -webkit-animation: ue-bounce-up-down-effect 1s infinite  alternate;\n    animation: ue-bounce-up-down-effect 1s infinite  alternate;\n}\n\n@-webkit-keyframes ue-bounce-up-down-effect {\n    0% { transform: translateY(0); }\n    100% { transform: translateY(-20px); }\n}\n\n@keyframes ue-bounce-up-down-effect {\n    0% { transform: translateY(0); }\n    100% { transform: translateY(-20px); }\n}\n\n#uc_layers_elementor_ebc1ca9 .ue-bounce-left-right-effect {\n    -webkit-animation: ue-bounce-left-right-effect 1s infinite  alternate;\n    animation: ue-bounce-left-right-effect 1s infinite  alternate;\n}\n\n@-webkit-keyframes ue-bounce-left-right-effect {\n    0% { transform: translateX(0); }\n    100% { transform: translateX(-20px); }\n}\n\n@keyframes ue-bounce-left-right-effect {\n    0% { transform: translateX(0); }\n    100% { transform: translateX(-20px); }\n}\n\nbody[data-elementor-device-mode=\"desktop\"] #uc_layers_elementor_ebc1ca9 .ue-layer.desktop-hide {\n\tdisplay: none;\n}\n\nbody[data-elementor-device-mode=\"tablet\"] #uc_layers_elementor_ebc1ca9 .ue-layer.tablet-hide {\n\tdisplay: none;\n}\n\nbody[data-elementor-device-mode=\"mobile\"] #uc_layers_elementor_ebc1ca9 .ue-layer.mobile-hide {\n\tdisplay: none;\n}\n\n<\/style>\n\n<div id=\"uc_layers_elementor_ebc1ca9\" class=\"ue-layers-stage\" role=\"group\" aria-label=\"Layered visual content\">\n  <div class=\"ue-layer ue-snap-top ue-snap-left elementor-repeater-item-b7de6b5 desktop-show tablet-show mobile-show\">\n  \n\t<div class=\"ue-image ue-mouse-parallax ue-image-shadow-one ue-none\" value=\"1\">\n    \t<img fetchpriority=\"high\" decoding=\"async\" src=\"https:\/\/jourfestif.com\/wp-content\/uploads\/2026\/01\/cadre-home-rect.png\" width=\"100%\"  src=\"https:\/\/jourfestif.com\/wp-content\/uploads\/2026\/01\/cadre-home-rect.png\" alt=\"cadre-home-rect\" width=\"750\" height=\"938\">\n    <\/div>\n\t\n  \n  \n  \n  \n  \n\t\n  \n  \n<\/div>\n<div class=\"ue-layer ue-snap-top ue-snap-left elementor-repeater-item-5278f7e desktop-show tablet-show mobile-show\">\n  \n\t<div class=\"ue-image   ue-none\" value=\"1\">\n    \t<img decoding=\"async\" src=\"https:\/\/jourfestif.com\/wp-content\/uploads\/2026\/01\/Sarah-Christopher-546v3.jpg\" width=\"100%\"  src=\"https:\/\/jourfestif.com\/wp-content\/uploads\/2026\/01\/Sarah-Christopher-546v3.jpg\" alt=\"Sarah-Christopher-546v3\" width=\"750\" height=\"938\">\n    <\/div>\n\t\n  \n  \n  \n  \n  \n\t\n  \n  \n<\/div>\n<div class=\"ue-layer ue-snap-top ue-snap-left elementor-repeater-item-faee73a desktop-show tablet-show mobile-show\">\n  \n\t<div class=\"ue-image ue-mouse-parallax ue-image-shadow-one ue-none\" value=\"0.2\">\n    \t<img decoding=\"async\" src=\"https:\/\/jourfestif.com\/wp-content\/uploads\/2026\/01\/text-sarah.png\" width=\"100%\"  src=\"https:\/\/jourfestif.com\/wp-content\/uploads\/2026\/01\/text-sarah.png\" alt=\"text-sarah\" width=\"200\" height=\"88\">\n    <\/div>\n\t\n  \n  \n  \n  \n  \n\t\n  \n  \n<\/div>\n\n<\/div>\n<!-- end Layers -->\t\t\t\t<\/div>\n\t\t\t\t<\/div>\n\t\t\t\t<\/div>\n\t\t\t\t\t<\/div>\n\t\t\t\t<\/div>\n\t\t<div class=\"elementor-element elementor-element-99c2267 e-flex e-con-boxed e-con e-parent\" data-id=\"99c2267\" data-element_type=\"container\">\n\t\t\t\t\t<div class=\"e-con-inner\">\n\t\t\t\t<div class=\"elementor-element elementor-element-2e7e293 elementor-widget elementor-widget-spacer\" data-id=\"2e7e293\" data-element_type=\"widget\" data-widget_type=\"spacer.default\">\n\t\t\t\t\t\t\t<div class=\"elementor-spacer\">\n\t\t\t<div class=\"elementor-spacer-inner\"><\/div>\n\t\t<\/div>\n\t\t\t\t\t\t<\/div>\n\t\t\t\t\t<\/div>\n\t\t\t\t<\/div>\n\t\t<div class=\"elementor-element elementor-element-72b6a24 e-flex e-con-boxed e-con e-parent\" data-id=\"72b6a24\" data-element_type=\"container\" data-settings=\"{&quot;background_background&quot;:&quot;classic&quot;}\">\n\t\t\t\t\t<div class=\"e-con-inner\">\n\t\t<div class=\"elementor-element elementor-element-c07666d e-con-full e-flex e-con e-child\" data-id=\"c07666d\" data-element_type=\"container\">\n\t\t\t\t<div class=\"elementor-element elementor-element-7096987 elementor-widget elementor-widget-text-editor\" data-id=\"7096987\" data-element_type=\"widget\" data-widget_type=\"text-editor.default\">\n\t\t\t\t\t\t\t\t\t<h6><span style=\"font-family: 'Old Standard TT', serif; font-weight: bold, color: #000000; font-size: 19px;\"><br \/>La vocation, c&rsquo;est avoir pour m\u00e9tier sa passion. -Stendhal<\/span><\/h6><p>Depuis plusieurs ann\u00e9es, j&rsquo;ai d\u00e9velopp\u00e9 un attrait particulier pour<br \/>l&rsquo;organisation et la d\u00e9coration d&rsquo;\u00e9v\u00e8nements dans la sph\u00e8re familiale et<br \/>amicale.<br \/>Par la suite et gr\u00e2ce aux postes occup\u00e9s dans diff\u00e9rentes entreprises, j&rsquo;ai eu<br \/>l&rsquo;opportunit\u00e9 de me voir confier l&rsquo;organisation compl\u00e8te et la coordination<br \/>jour J de s\u00e9minaires d&rsquo;entreprises sur un ou plusieurs jours, \u00e0 Paris et en<br \/>Indre-et-Loire.<br \/>Mais la r\u00e9v\u00e9lation fut la pr\u00e9paration de mon propre mariage en 2024 : il<br \/>fallait absolument que j&rsquo;envisage une reconversion professionnelle dans ce<br \/>milieu pour pouvoir vivre cette passion tous les jours ! J&rsquo;ai donc suivi une<br \/>formation dipl\u00f4mante d&rsquo;organisatrice et d\u00e9coratrice \u00e9v\u00e9nementielle, afin de<br \/>perfectionner mes connaissances, outils et m\u00e9thodes de travail-<br \/>Aujourd&rsquo;hui, j&rsquo;ai donc \u00e0 C\u0153ur de vous accompagner dans tous vos<br \/>\u00e9v\u00e8nements festifs afin de les rendre inoubliables !<\/p>\t\t\t\t\t\t\t\t<\/div>\n\t\t\t\t<div class=\"elementor-element elementor-element-3667ba9 elementor-absolute elementor-widget elementor-widget-heading\" data-id=\"3667ba9\" data-element_type=\"widget\" data-settings=\"{&quot;_position&quot;:&quot;absolute&quot;}\" data-widget_type=\"heading.default\">\n\t\t\t\t\t<h2 class=\"elementor-heading-title elementor-size-default\">\u00c0 propos de mes prestations<\/h2>\t\t\t\t<\/div>\n\t\t\t\t<\/div>\n\t\t<div class=\"elementor-element elementor-element-1e62375 e-con-full e-flex e-con e-child\" data-id=\"1e62375\" data-element_type=\"container\">\n\t\t<div class=\"elementor-element elementor-element-d58d263 e-grid e-con-full e-con e-child\" data-id=\"d58d263\" data-element_type=\"container\">\n\t\t\t\t<div class=\"elementor-element elementor-element-83a2b04 elementor-widget elementor-widget-text-editor\" data-id=\"83a2b04\" data-element_type=\"widget\" data-widget_type=\"text-editor.default\">\n\t\t\t\t\t\t\t\t\t<p>DEMANDE EN MARIAGE,<br \/>EVJF\/EVG, MARIAGE,<br \/>ANNIVERSAIRE DE MARIAGE,<br \/>RENOUVELLEMENTDEV\u0152UX&#8230;<\/p>\t\t\t\t\t\t\t\t<\/div>\n\t\t\t\t<div class=\"elementor-element elementor-element-e77a666 elementor-widget elementor-widget-heading\" data-id=\"e77a666\" data-element_type=\"widget\" data-widget_type=\"heading.default\">\n\t\t\t\t\t<h1 class=\"elementor-heading-title elementor-size-default\">Mariage<\/h1>\t\t\t\t<\/div>\n\t\t\t\t<\/div>\n\t\t\t\t<div class=\"elementor-element elementor-element-ac4d2a4 elementor-widget-divider--view-line elementor-widget elementor-widget-divider\" data-id=\"ac4d2a4\" data-element_type=\"widget\" data-widget_type=\"divider.default\">\n\t\t\t\t\t\t\t<div class=\"elementor-divider\">\n\t\t\t<span class=\"elementor-divider-separator\">\n\t\t\t\t\t\t<\/span>\n\t\t<\/div>\n\t\t\t\t\t\t<\/div>\n\t\t<div class=\"elementor-element elementor-element-1cd30b4 e-grid e-con-full e-con e-child\" data-id=\"1cd30b4\" data-element_type=\"container\">\n\t\t\t\t<div class=\"elementor-element elementor-element-6eb1704 elementor-widget elementor-widget-text-editor\" data-id=\"6eb1704\" data-element_type=\"widget\" data-widget_type=\"text-editor.default\">\n\t\t\t\t\t\t\t\t\t<p>ANNIVERSAIRE ADULTE,<br \/>SOIR\u00c9E OU F\u00caTE FAMILIALE,<br \/>COUSINADE,D\u00c9PART EN<br \/>RETRAITE,F\u00caTESURPRISE&#8230;<\/p>\t\t\t\t\t\t\t\t<\/div>\n\t\t\t\t<div class=\"elementor-element elementor-element-2dacf2b elementor-widget elementor-widget-heading\" data-id=\"2dacf2b\" data-element_type=\"widget\" data-widget_type=\"heading.default\">\n\t\t\t\t\t<h2 class=\"elementor-heading-title elementor-size-default\">\u00c9v\u00e8nements priv\u00e9s<\/h2>\t\t\t\t<\/div>\n\t\t\t\t<\/div>\n\t\t\t\t<div class=\"elementor-element elementor-element-b4bf34a elementor-widget-divider--view-line elementor-widget elementor-widget-divider\" data-id=\"b4bf34a\" data-element_type=\"widget\" data-widget_type=\"divider.default\">\n\t\t\t\t\t\t\t<div class=\"elementor-divider\">\n\t\t\t<span class=\"elementor-divider-separator\">\n\t\t\t\t\t\t<\/span>\n\t\t<\/div>\n\t\t\t\t\t\t<\/div>\n\t\t<div class=\"elementor-element elementor-element-3ebfb48 e-grid e-con-full e-con e-child\" data-id=\"3ebfb48\" data-element_type=\"container\">\n\t\t\t\t<div class=\"elementor-element elementor-element-5cf238d elementor-widget elementor-widget-text-editor\" data-id=\"5cf238d\" data-element_type=\"widget\" data-widget_type=\"text-editor.default\">\n\t\t\t\t\t\t\t\t\t<p>GENDER REVEAL,<br \/>BABY SHOWER,<br \/>BAPT\u00caME,<br \/>ANNIVERSAIRE ENFANT&#8230;<\/p>\t\t\t\t\t\t\t\t<\/div>\n\t\t\t\t<div class=\"elementor-element elementor-element-a6d1a78 elementor-widget elementor-widget-heading\" data-id=\"a6d1a78\" data-element_type=\"widget\" data-widget_type=\"heading.default\">\n\t\t\t\t\t<h1 class=\"elementor-heading-title elementor-size-default\">Enfant<\/h1>\t\t\t\t<\/div>\n\t\t\t\t<\/div>\n\t\t\t\t<div class=\"elementor-element elementor-element-1108691 elementor-widget-divider--view-line elementor-widget elementor-widget-divider\" data-id=\"1108691\" data-element_type=\"widget\" data-widget_type=\"divider.default\">\n\t\t\t\t\t\t\t<div class=\"elementor-divider\">\n\t\t\t<span class=\"elementor-divider-separator\">\n\t\t\t\t\t\t<\/span>\n\t\t<\/div>\n\t\t\t\t\t\t<\/div>\n\t\t<div class=\"elementor-element elementor-element-0df7cc8 e-grid e-con-full e-con e-child\" data-id=\"0df7cc8\" data-element_type=\"container\">\n\t\t\t\t<div class=\"elementor-element elementor-element-e0c083a elementor-widget elementor-widget-text-editor\" data-id=\"e0c083a\" data-element_type=\"widget\" data-widget_type=\"text-editor.default\">\n\t\t\t\t\t\t\t\t\t<p>SOIR\u00c9E D&rsquo;ENTREPRISE,<br \/>S\u00c9MINAIRE,<br \/>ANNIVERSAIRE D&rsquo;ENTREPRISE,<br \/>TEAMBUILDING,<br \/>F\u00caTEDENO\u00cbL&#8230;<\/p>\t\t\t\t\t\t\t\t<\/div>\n\t\t\t\t<div class=\"elementor-element elementor-element-3eb8e3a elementor-widget elementor-widget-heading\" data-id=\"3eb8e3a\" data-element_type=\"widget\" data-widget_type=\"heading.default\">\n\t\t\t\t\t<h2 class=\"elementor-heading-title elementor-size-default\">\u00c9v\u00e8nements profeionnels<\/h2>\t\t\t\t<\/div>\n\t\t\t\t<\/div>\n\t\t\t\t<div class=\"elementor-element elementor-element-7750987 elementor-widget-divider--view-line elementor-widget elementor-widget-divider\" data-id=\"7750987\" data-element_type=\"widget\" data-widget_type=\"divider.default\">\n\t\t\t\t\t\t\t<div class=\"elementor-divider\">\n\t\t\t<span class=\"elementor-divider-separator\">\n\t\t\t\t\t\t<\/span>\n\t\t<\/div>\n\t\t\t\t\t\t<\/div>\n\t\t\t\t<\/div>\n\t\t\t\t\t<\/div>\n\t\t\t\t<\/div>\n\t\t\t\t<\/div>\n\t\t","protected":false},"excerpt":{"rendered":"<p>\u00c0 propos de moi La vocation, c&rsquo;est avoir pour m\u00e9tier sa passion &#8211; Stendhal Depuis toujours, l\u2019organisation et la d\u00e9coration d\u2019\u00e9v\u00e9nements font partie de mon univers.<span class=\"excerpt-hellip\"> [\u2026]<\/span><\/p>\n","protected":false},"author":1,"featured_media":0,"parent":0,"menu_order":0,"comment_status":"closed","ping_status":"closed","template":"","meta":{"footnotes":""},"class_list":["post-113","page","type-page","status-publish","hentry"],"_links":{"self":[{"href":"https:\/\/jourfestif.com\/index.php\/wp-json\/wp\/v2\/pages\/113","targetHints":{"allow":["GET"]}}],"collection":[{"href":"https:\/\/jourfestif.com\/index.php\/wp-json\/wp\/v2\/pages"}],"about":[{"href":"https:\/\/jourfestif.com\/index.php\/wp-json\/wp\/v2\/types\/page"}],"author":[{"embeddable":true,"href":"https:\/\/jourfestif.com\/index.php\/wp-json\/wp\/v2\/users\/1"}],"replies":[{"embeddable":true,"href":"https:\/\/jourfestif.com\/index.php\/wp-json\/wp\/v2\/comments?post=113"}],"version-history":[{"count":52,"href":"https:\/\/jourfestif.com\/index.php\/wp-json\/wp\/v2\/pages\/113\/revisions"}],"predecessor-version":[{"id":820,"href":"https:\/\/jourfestif.com\/index.php\/wp-json\/wp\/v2\/pages\/113\/revisions\/820"}],"wp:attachment":[{"href":"https:\/\/jourfestif.com\/index.php\/wp-json\/wp\/v2\/media?parent=113"}],"curies":[{"name":"wp","href":"https:\/\/api.w.org\/{rel}","templated":true}]}}